{"id":444,"date":"2024-10-21T16:10:19","date_gmt":"2024-10-21T16:10:19","guid":{"rendered":"https:\/\/llanuts.com\/?page_id=444"},"modified":"2026-02-05T09:17:04","modified_gmt":"2026-02-05T09:17:04","slug":"quienes-somos","status":"publish","type":"page","link":"https:\/\/llanuts.com\/es\/quienes-somos\/","title":{"rendered":"QUI\u00c9NES SOMOS"},"content":{"rendered":"<div class=\"wpb-content-wrapper\">[vc_row css=\u00bb.vc_custom_1770282673258{background-image: url(https:\/\/llanuts.com\/wp-content\/uploads\/2025\/01\/01-Pistachos-enteros-ret.png?id=419) !important;background-position: center !important;background-repeat: no-repeat !important;background-size: cover !important;}\u00bb][vc_column][vc_column_text css=\u00bb.vc_custom_1770282642026{padding-top: 10% !important;padding-bottom: 10% !important;}\u00bb]\r\n<h1 style=\"text-align: center;\"><span data-text-color=\"success\">SOBRE NOSOTROS<\/span><\/h1>\r\n[\/vc_column_text][\/vc_column][\/vc_row][vc_row gap=\u00bb35&#8243; css=\u00bb.vc_custom_1770282539458{padding-top: 3% !important;padding-right: 12% !important;padding-left: 12% !important;}\u00bb][vc_column width=\u00bb1\/2&#8243;][vc_column_text css=\u00bb\u00bb]\r\n<p style=\"text-align: justify;\"><span dir=\"auto\" style=\"vertical-align: inherit;\"><span dir=\"auto\" style=\"vertical-align: inherit;\">Nuestro objetivo es posicionarnos como un l\u00edder en la industria del pistacho a nivel mundial, ofreciendo productos nutritivos y deliciosos que contribuyen a una vida saludable y sostenible.<\/span><\/span><\/p>\r\n<p style=\"text-align: justify;\"><span dir=\"auto\" style=\"vertical-align: inherit;\"><span dir=\"auto\" style=\"vertical-align: inherit;\">Para lograrlo, contamos con instalaciones de m\u00e1s de 1.500 m2 ubicadas en <\/span><\/span><strong><span dir=\"auto\" style=\"vertical-align: inherit;\"><span dir=\"auto\" style=\"vertical-align: inherit;\">Chinchilla de Montearag\u00f3n, Albacete, Castilla-La Mancha<\/span><\/span><\/strong><span dir=\"auto\" style=\"vertical-align: inherit;\"><span dir=\"auto\" style=\"vertical-align: inherit;\"> , con una capacidad de procesamiento de cerca de 1.000 toneladas por a\u00f1o.<\/span><\/span><\/p>\r\n<p style=\"text-align: justify;\"><span dir=\"auto\" style=\"vertical-align: inherit;\"><span dir=\"auto\" style=\"vertical-align: inherit;\">La ubicaci\u00f3n de nuestro centro de procesamiento en la regi\u00f3n con el mayor cultivo de pistachos en Espa\u00f1a tiene como objetivo lograr una relaci\u00f3n continua con los agricultores de pistachos de la zona, uniendo fuerzas para obtener el mejor producto para nuestros clientes.<\/span><\/span><\/p>\r\n<p><span dir=\"auto\" style=\"vertical-align: inherit;\"><span dir=\"auto\" style=\"vertical-align: inherit;\">[\/vc_column_text][\/vc_column][vc_column width=\u00bb1\/2&#8243; ancho=\u00bb1\/2&#8243;][vc_column_text css=\u00bb\u00bb]<\/span><\/span><\/p>\r\n<p style=\"text-align: justify;\"><span dir=\"auto\" style=\"vertical-align: inherit;\"><span dir=\"auto\" style=\"vertical-align: inherit;\">La zona en la que se encuentra nuestro centro de procesamiento tiene las caracter\u00edsticas climatol\u00f3gicas necesarias para el correcto desarrollo del cultivo de pistachos. Adem\u00e1s, est\u00e1 muy bien ubicada como un enlace entre Castilla-La Mancha y cualquier parte del mundo, ya sea por tierra, mar o aire.<\/span><\/span><\/p>\r\n<p style=\"text-align: justify;\"><span dir=\"auto\" style=\"vertical-align: inherit;\"><span dir=\"auto\" style=\"vertical-align: inherit;\">Nuestro equipo est\u00e1 formado por personas apasionadas que conocen el complicado y competitivo mercado actual, as\u00ed como por miembros altamente experimentados. Todos nuestros empleados ponen en pr\u00e1ctica su conocimiento del mercado y de la industria, lo que nos permite ofrecer el mejor servicio y experiencia al cliente.<\/span><\/span><\/p>\r\n<p>&nbsp;<\/p>\r\n[\/vc_column_text][\/vc_column][\/vc_row][vc_row gap=\u00bb35&#8243; css=\u00bb.vc_custom_1770282944812{padding-top: 5% !important;padding-right: 12% !important;padding-left: 12% !important;}\u00bb][vc_column][vc_column_text][\/vc_column_text][vc_row_inner][vc_column_inner width=\u00bb1\/3&#8243;][vc_column_text css_animation=\u00bbfadeInLeft\u00bb css=\u00bb\u00bb]\r\n<h3><span style=\"font-size: 120%;\"><span style=\"color: #a8c082;\"><span dir=\"auto\" style=\"vertical-align: inherit;\"><span dir=\"auto\" style=\"vertical-align: inherit;\"><span dir=\"auto\" style=\"vertical-align: inherit;\"><span dir=\"auto\" style=\"vertical-align: inherit;\"><span dir=\"auto\" style=\"vertical-align: inherit;\"><span dir=\"auto\" style=\"vertical-align: inherit;\"><i class=\"fas fa-check-double \" ><\/i><\/span><\/span><\/span><\/span><\/span><\/span><\/span><span dir=\"auto\" style=\"vertical-align: inherit;\"><span dir=\"auto\" style=\"vertical-align: inherit;\"><span dir=\"auto\" style=\"vertical-align: inherit;\"><span dir=\"auto\" style=\"vertical-align: inherit;\"><span dir=\"auto\" style=\"vertical-align: inherit;\"><span dir=\"auto\" style=\"vertical-align: inherit;\"> Calidad<\/span><\/span><\/span><\/span><\/span><\/span><\/span><\/h3>\r\n<p style=\"text-align: justify;\"><span dir=\"auto\" style=\"vertical-align: inherit;\"><span dir=\"auto\" style=\"vertical-align: inherit;\"><span dir=\"auto\" style=\"vertical-align: inherit;\"><span dir=\"auto\" style=\"vertical-align: inherit;\"><span dir=\"auto\" style=\"vertical-align: inherit;\"><span dir=\"auto\" style=\"vertical-align: inherit;\">Cada fruto seco pasa por un meticuloso proceso de selecci\u00f3n para garantizar la m\u00e1xima calidad, sabor y frescura. \u00a1Prueba la diferencia de la perfecci\u00f3n en cada bocado!<\/span><\/span><\/span><\/span><\/span><\/span><\/p>\r\n<p><span dir=\"auto\" style=\"vertical-align: inherit;\"><span dir=\"auto\" style=\"vertical-align: inherit;\"><span dir=\"auto\" style=\"vertical-align: inherit;\"><span dir=\"auto\" style=\"vertical-align: inherit;\"><span dir=\"auto\" style=\"vertical-align: inherit;\"><span dir=\"auto\" style=\"vertical-align: inherit;\">[\/vc_column_text][vc_column_text css_animation=\u00bbfadeInLeft\u00bb css=\u00bb.vc_custom_1732886418974{padding-top: 5% !important;}\u00bb]<\/span><\/span><\/span><\/span><\/span><\/span><\/p>\r\n<h3><span style=\"font-size: 120%;\"><span style=\"color: #a8c082;\"><span dir=\"auto\" style=\"vertical-align: inherit;\"><span dir=\"auto\" style=\"vertical-align: inherit;\"><span dir=\"auto\" style=\"vertical-align: inherit;\"><span dir=\"auto\" style=\"vertical-align: inherit;\"><span dir=\"auto\" style=\"vertical-align: inherit;\"><span dir=\"auto\" style=\"vertical-align: inherit;\"><i class=\"fas fa-check-double \" ><\/i><\/span><\/span><\/span><\/span><\/span><\/span><\/span><span dir=\"auto\" style=\"vertical-align: inherit;\"><span dir=\"auto\" style=\"vertical-align: inherit;\"><span dir=\"auto\" style=\"vertical-align: inherit;\"><span dir=\"auto\" style=\"vertical-align: inherit;\"><span dir=\"auto\" style=\"vertical-align: inherit;\"><span dir=\"auto\" style=\"vertical-align: inherit;\"> Seguridad alimentaria<\/span><\/span><\/span><\/span><\/span><\/span><\/span><\/h3>\r\n<p style=\"text-align: justify;\"><span dir=\"auto\" style=\"vertical-align: inherit;\"><span dir=\"auto\" style=\"vertical-align: inherit;\"><span dir=\"auto\" style=\"vertical-align: inherit;\"><span dir=\"auto\" style=\"vertical-align: inherit;\"><span dir=\"auto\" style=\"vertical-align: inherit;\"><span dir=\"auto\" style=\"vertical-align: inherit;\">Desde la obtenci\u00f3n hasta el embalaje, aseguramos que nuestros frutos secos cumplan con estrictos controles de calidad, entregando productos seguros y saludables en los que puedes confiar.<\/span><\/span><\/span><\/span><\/span><\/span><\/p>\r\n<p><span dir=\"auto\" style=\"vertical-align: inherit;\"><span dir=\"auto\" style=\"vertical-align: inherit;\"><span dir=\"auto\" style=\"vertical-align: inherit;\"><span dir=\"auto\" style=\"vertical-align: inherit;\"><span dir=\"auto\" style=\"vertical-align: inherit;\"><span dir=\"auto\" style=\"vertical-align: inherit;\">[\/vc_column_text][\/vc_column_inner][vc_column_inner width=\u00bb1\/3&#8243;][vc_single_image image=\u00bb403&#8243; img_size=\u00bbfull\u00bb alignment=\u00bbcenter\u00bb css_animation=\u00bbfadeIn\u00bb css=\u00bb\u00bb imagen=\u00bb99&#8243;][vc_column_text css=\u00bb.vc_custom_1770282905139{padding-top: 1% !important;}\u00bb]<\/span><\/span><\/span><\/span><\/span><\/span><\/p>\r\n<p>&nbsp;<\/p>\r\n<h3><span style=\"font-size: 120%;\"><span style=\"color: #a8c082;\"><i class=\"fas fa-check-double \" ><\/i><\/span> Innovaci\u00f3n<\/span><\/h3>\r\n<p style=\"text-align: justify;\">Apostamos por la innovaci\u00f3n para ofrecerte los mejores frutos secos. Evolucionamos constantemente para satisfacer tus necesidades con calidad y creatividad.<\/p>\r\n[\/vc_column_text][\/vc_column_inner][vc_column_inner width=\u00bb1\/3&#8243;][vc_column_text css=\u00bb\u00bb]\r\n<h3><span style=\"font-size: 120%;\"><span style=\"color: #a8c082;\"><span dir=\"auto\" style=\"vertical-align: inherit;\"><span dir=\"auto\" style=\"vertical-align: inherit;\"><span dir=\"auto\" style=\"vertical-align: inherit;\"><span dir=\"auto\" style=\"vertical-align: inherit;\"><span dir=\"auto\" style=\"vertical-align: inherit;\"><span dir=\"auto\" style=\"vertical-align: inherit;\"><i class=\"fas fa-check-double \" ><\/i><\/span><\/span><\/span><\/span><\/span><\/span><\/span><span dir=\"auto\" style=\"vertical-align: inherit;\"><span dir=\"auto\" style=\"vertical-align: inherit;\"><span dir=\"auto\" style=\"vertical-align: inherit;\"><span dir=\"auto\" style=\"vertical-align: inherit;\"><span dir=\"auto\" style=\"vertical-align: inherit;\"><span dir=\"auto\" style=\"vertical-align: inherit;\"> Compromiso con el cliente<\/span><\/span><\/span><\/span><\/span><\/span><\/span><\/h3>\r\n<p style=\"text-align: justify;\"><span dir=\"auto\" style=\"vertical-align: inherit;\"><span dir=\"auto\" style=\"vertical-align: inherit;\"><span dir=\"auto\" style=\"vertical-align: inherit;\"><span dir=\"auto\" style=\"vertical-align: inherit;\"><span dir=\"auto\" style=\"vertical-align: inherit;\"><span dir=\"auto\" style=\"vertical-align: inherit;\">Priorizamos la construcci\u00f3n de conexiones s\u00f3lidas con nuestros clientes y valoramos sus comentarios.<\/span><\/span><\/span><\/span><\/span><\/span><\/p>\r\n<p>&nbsp;<\/p>\r\n[\/vc_column_text][vc_column_text css_animation=\u00bbfadeInRight\u00bb css=\u00bb.vc_custom_1732886444227{relleno superior: 5% !importante;}\u00bb]\r\n<h3><span style=\"font-size: 120%;\"><span style=\"color: #a8c082;\"><span dir=\"auto\" style=\"vertical-align: inherit;\"><span dir=\"auto\" style=\"vertical-align: inherit;\"><span dir=\"auto\" style=\"vertical-align: inherit;\"><span dir=\"auto\" style=\"vertical-align: inherit;\"><span dir=\"auto\" style=\"vertical-align: inherit;\"><span dir=\"auto\" style=\"vertical-align: inherit;\"><i class=\"fas fa-check-double \" ><\/i><\/span><\/span><\/span><\/span><\/span><\/span><\/span><span dir=\"auto\" style=\"vertical-align: inherit;\"><span dir=\"auto\" style=\"vertical-align: inherit;\"><span dir=\"auto\" style=\"vertical-align: inherit;\"><span dir=\"auto\" style=\"vertical-align: inherit;\"><span dir=\"auto\" style=\"vertical-align: inherit;\"><span dir=\"auto\" style=\"vertical-align: inherit;\"> \u00c9tica e integridad<\/span><\/span><\/span><\/span><\/span><\/span><\/span><\/h3>\r\n<p style=\"text-align: justify;\"><span dir=\"auto\" style=\"vertical-align: inherit;\"><span dir=\"auto\" style=\"vertical-align: inherit;\"><span dir=\"auto\" style=\"vertical-align: inherit;\"><span dir=\"auto\" style=\"vertical-align: inherit;\"><span dir=\"auto\" style=\"vertical-align: inherit;\"><span dir=\"auto\" style=\"vertical-align: inherit;\">Estamos comprometidos a hacer negocios de la manera correcta: honestamente, responsablemente y con respeto por las personas y el planeta.<\/span><\/span><\/span><\/span><\/span><\/span><\/p>\r\n<p><span dir=\"auto\" style=\"vertical-align: inherit;\"><span dir=\"auto\" style=\"vertical-align: inherit;\"><span dir=\"auto\" style=\"vertical-align: inherit;\"><span dir=\"auto\" style=\"vertical-align: inherit;\"><span dir=\"auto\" style=\"vertical-align: inherit;\"><span dir=\"auto\" style=\"vertical-align: inherit;\">[\/vc_column_text][\/vc_column_inner][\/vc_row_inner][\/vc_column][\/vc_row][vc_row css=\u00bb.vc_custom_1732897833927{padding-top: 7% !important;}\u00bb][vc_column][vc_single_image image=\u00bb357&#8243; img_size=\u00bbfull\u00bb alignment=\u00bbcenter\u00bb css=\u00bb\u00bb][\/vc_column][\/vc_row][vc_row][vc_column][vc_column_text]<\/span><\/span><\/span><\/span><span dir=\"auto\" style=\"vertical-align: inherit;\"><span dir=\"auto\" style=\"vertical-align: inherit;\"> [\/vc_column_text][\/vc_column][\/vc_row][vc_row][vc_column][vc_column_text]<\/span><\/span>[\/vc_column_text][\/vc_column][\/vc_row][vc_row][vc_column][vc_column_text]<\/span><\/span>[\/vc_column_text][\/vc_column][\/vc_row]<\/div>","protected":false},"excerpt":{"rendered":"[vc_row css=\u00bb.vc_custom_1770282673258{background-image: url(https:\/\/llanuts.com\/wp-content\/uploads\/2025\/01\/01-Pistachos-enteros-ret.png?id=419) !important;background-position: center !important;background-repeat: no-repeat !important;background-size: cover !important;}\u00bb][vc_column][vc_column_text css=\u00bb.vc_custom_1770282642026{padding-top: 10% !important;padding-bottom: 10% !important;}\u00bb] SOBRE NOSOTROS [\/vc_column_text][\/vc_column][\/vc_row][vc_row gap=\u00bb35&#8243; css=\u00bb.vc_custom_1770282539458{padding-top: 3% !important;padding-right: 12% !important;padding-left: 12% !important;}\u00bb][vc_column width=\u00bb1\/2&#8243;][vc_column_text css=\u00bb\u00bb] Nuestro objetivo es posicionarnos como un l\u00edder en la industria del pistacho a nivel mundial, ofreciendo productos nutritivos y deliciosos que contribuyen a una vida saludable y [&#8230;]\n","protected":false},"author":2,"featured_media":0,"parent":0,"menu_order":0,"comment_status":"closed","ping_status":"closed","template":"page-blank.php","meta":{"footnotes":""},"class_list":["post-444","page","type-page","status-publish","hentry"],"yoast_head":"<!-- This site is optimized with the Yoast SEO plugin v24.1 - https:\/\/yoast.com\/wordpress\/plugins\/seo\/ -->\n<title>Qui\u00e9nes somos | Llanuts<\/title>\n<meta name=\"description\" content=\"Desde la obtenci\u00f3n hasta el empaquetado, aseguramos que nuestros frutos secos cumplan con estrictos controles de calidad.\" \/>\n<meta name=\"robots\" content=\"index, follow, max-snippet:-1, max-image-preview:large, max-video-preview:-1\" \/>\n<link rel=\"canonical\" href=\"https:\/\/llanuts.com\/es\/quienes-somos\/\" \/>\n<meta property=\"og:locale\" content=\"es_ES\" \/>\n<meta property=\"og:type\" content=\"article\" \/>\n<meta property=\"og:title\" content=\"Qui\u00e9nes somos | Llanuts\" \/>\n<meta property=\"og:description\" content=\"Desde la obtenci\u00f3n hasta el empaquetado, aseguramos que nuestros frutos secos cumplan con estrictos controles de calidad.\" \/>\n<meta property=\"og:url\" content=\"https:\/\/llanuts.com\/es\/quienes-somos\/\" \/>\n<meta property=\"og:site_name\" content=\"Llanuts\" \/>\n<meta property=\"article:modified_time\" content=\"2026-02-05T09:17:04+00:00\" \/>\n<meta property=\"og:image\" content=\"https:\/\/llanuts.com\/wp-content\/uploads\/2025\/01\/pistachios.webp\" \/>\n\t<meta property=\"og:image:width\" content=\"1000\" \/>\n\t<meta property=\"og:image:height\" content=\"688\" \/>\n\t<meta property=\"og:image:type\" content=\"image\/webp\" \/>\n<meta name=\"twitter:card\" content=\"summary_large_image\" \/>\n<meta name=\"twitter:label1\" content=\"Tiempo de lectura\" \/>\n\t<meta name=\"twitter:data1\" content=\"3 minutos\" \/>\n<script type=\"application\/ld+json\" class=\"yoast-schema-graph\">{\"@context\":\"https:\/\/schema.org\",\"@graph\":[{\"@type\":\"WebPage\",\"@id\":\"https:\/\/llanuts.com\/es\/quienes-somos\/\",\"url\":\"https:\/\/llanuts.com\/es\/quienes-somos\/\",\"name\":\"Qui\u00e9nes somos | Llanuts\",\"isPartOf\":{\"@id\":\"https:\/\/llanuts.com\/es\/#website\"},\"datePublished\":\"2024-10-21T16:10:19+00:00\",\"dateModified\":\"2026-02-05T09:17:04+00:00\",\"description\":\"Desde la obtenci\u00f3n hasta el empaquetado, aseguramos que nuestros frutos secos cumplan con estrictos controles de calidad.\",\"breadcrumb\":{\"@id\":\"https:\/\/llanuts.com\/es\/quienes-somos\/#breadcrumb\"},\"inLanguage\":\"es\",\"potentialAction\":[{\"@type\":\"ReadAction\",\"target\":[\"https:\/\/llanuts.com\/es\/quienes-somos\/\"]}]},{\"@type\":\"BreadcrumbList\",\"@id\":\"https:\/\/llanuts.com\/es\/quienes-somos\/#breadcrumb\",\"itemListElement\":[{\"@type\":\"ListItem\",\"position\":1,\"name\":\"Portada\",\"item\":\"https:\/\/llanuts.com\/es\/\"},{\"@type\":\"ListItem\",\"position\":2,\"name\":\"QUI\u00c9NES SOMOS\"}]},{\"@type\":\"WebSite\",\"@id\":\"https:\/\/llanuts.com\/es\/#website\",\"url\":\"https:\/\/llanuts.com\/es\/\",\"name\":\"Llanuts\",\"description\":\"Top Quality Nuts\",\"publisher\":{\"@id\":\"https:\/\/llanuts.com\/es\/#organization\"},\"alternateName\":\"Llanuts\",\"potentialAction\":[{\"@type\":\"SearchAction\",\"target\":{\"@type\":\"EntryPoint\",\"urlTemplate\":\"https:\/\/llanuts.com\/es\/?s={search_term_string}\"},\"query-input\":{\"@type\":\"PropertyValueSpecification\",\"valueRequired\":true,\"valueName\":\"search_term_string\"}}],\"inLanguage\":\"es\"},{\"@type\":\"Organization\",\"@id\":\"https:\/\/llanuts.com\/es\/#organization\",\"name\":\"Llanuts\",\"url\":\"https:\/\/llanuts.com\/es\/\",\"logo\":{\"@type\":\"ImageObject\",\"inLanguage\":\"es\",\"@id\":\"https:\/\/llanuts.com\/es\/#\/schema\/logo\/image\/\",\"url\":\"https:\/\/llanuts.com\/wp-content\/uploads\/2024\/11\/logo-llanuts-1.png\",\"contentUrl\":\"https:\/\/llanuts.com\/wp-content\/uploads\/2024\/11\/logo-llanuts-1.png\",\"width\":702,\"height\":466,\"caption\":\"Llanuts\"},\"image\":{\"@id\":\"https:\/\/llanuts.com\/es\/#\/schema\/logo\/image\/\"}}]}<\/script>\n<!-- \/ Yoast SEO plugin. -->","yoast_head_json":{"title":"Qui\u00e9nes somos | Llanuts","description":"Desde la obtenci\u00f3n hasta el empaquetado, aseguramos que nuestros frutos secos cumplan con estrictos controles de calidad.","robots":{"index":"index","follow":"follow","max-snippet":"max-snippet:-1","max-image-preview":"max-image-preview:large","max-video-preview":"max-video-preview:-1"},"canonical":"https:\/\/llanuts.com\/es\/quienes-somos\/","og_locale":"es_ES","og_type":"article","og_title":"Qui\u00e9nes somos | Llanuts","og_description":"Desde la obtenci\u00f3n hasta el empaquetado, aseguramos que nuestros frutos secos cumplan con estrictos controles de calidad.","og_url":"https:\/\/llanuts.com\/es\/quienes-somos\/","og_site_name":"Llanuts","article_modified_time":"2026-02-05T09:17:04+00:00","og_image":[{"width":1000,"height":688,"url":"https:\/\/llanuts.com\/wp-content\/uploads\/2025\/01\/pistachios.webp","type":"image\/webp"}],"twitter_card":"summary_large_image","twitter_misc":{"Tiempo de lectura":"3 minutos"},"schema":{"@context":"https:\/\/schema.org","@graph":[{"@type":"WebPage","@id":"https:\/\/llanuts.com\/es\/quienes-somos\/","url":"https:\/\/llanuts.com\/es\/quienes-somos\/","name":"Qui\u00e9nes somos | Llanuts","isPartOf":{"@id":"https:\/\/llanuts.com\/es\/#website"},"datePublished":"2024-10-21T16:10:19+00:00","dateModified":"2026-02-05T09:17:04+00:00","description":"Desde la obtenci\u00f3n hasta el empaquetado, aseguramos que nuestros frutos secos cumplan con estrictos controles de calidad.","breadcrumb":{"@id":"https:\/\/llanuts.com\/es\/quienes-somos\/#breadcrumb"},"inLanguage":"es","potentialAction":[{"@type":"ReadAction","target":["https:\/\/llanuts.com\/es\/quienes-somos\/"]}]},{"@type":"BreadcrumbList","@id":"https:\/\/llanuts.com\/es\/quienes-somos\/#breadcrumb","itemListElement":[{"@type":"ListItem","position":1,"name":"Portada","item":"https:\/\/llanuts.com\/es\/"},{"@type":"ListItem","position":2,"name":"QUI\u00c9NES SOMOS"}]},{"@type":"WebSite","@id":"https:\/\/llanuts.com\/es\/#website","url":"https:\/\/llanuts.com\/es\/","name":"Llanuts","description":"Top Quality Nuts","publisher":{"@id":"https:\/\/llanuts.com\/es\/#organization"},"alternateName":"Llanuts","potentialAction":[{"@type":"SearchAction","target":{"@type":"EntryPoint","urlTemplate":"https:\/\/llanuts.com\/es\/?s={search_term_string}"},"query-input":{"@type":"PropertyValueSpecification","valueRequired":true,"valueName":"search_term_string"}}],"inLanguage":"es"},{"@type":"Organization","@id":"https:\/\/llanuts.com\/es\/#organization","name":"Llanuts","url":"https:\/\/llanuts.com\/es\/","logo":{"@type":"ImageObject","inLanguage":"es","@id":"https:\/\/llanuts.com\/es\/#\/schema\/logo\/image\/","url":"https:\/\/llanuts.com\/wp-content\/uploads\/2024\/11\/logo-llanuts-1.png","contentUrl":"https:\/\/llanuts.com\/wp-content\/uploads\/2024\/11\/logo-llanuts-1.png","width":702,"height":466,"caption":"Llanuts"},"image":{"@id":"https:\/\/llanuts.com\/es\/#\/schema\/logo\/image\/"}}]}},"_links":{"self":[{"href":"https:\/\/llanuts.com\/es\/wp-json\/wp\/v2\/pages\/444"}],"collection":[{"href":"https:\/\/llanuts.com\/es\/wp-json\/wp\/v2\/pages"}],"about":[{"href":"https:\/\/llanuts.com\/es\/wp-json\/wp\/v2\/types\/page"}],"author":[{"embeddable":true,"href":"https:\/\/llanuts.com\/es\/wp-json\/wp\/v2\/users\/2"}],"replies":[{"embeddable":true,"href":"https:\/\/llanuts.com\/es\/wp-json\/wp\/v2\/comments?post=444"}],"version-history":[{"count":28,"href":"https:\/\/llanuts.com\/es\/wp-json\/wp\/v2\/pages\/444\/revisions"}],"predecessor-version":[{"id":536,"href":"https:\/\/llanuts.com\/es\/wp-json\/wp\/v2\/pages\/444\/revisions\/536"}],"wp:attachment":[{"href":"https:\/\/llanuts.com\/es\/wp-json\/wp\/v2\/media?parent=444"}],"curies":[{"name":"wp","href":"https:\/\/api.w.org\/{rel}","templated":true}]}}