{"id":446,"date":"2024-10-21T16:11:26","date_gmt":"2024-10-21T16:11:26","guid":{"rendered":"https:\/\/llanuts.com\/?page_id=446"},"modified":"2026-02-02T12:55:07","modified_gmt":"2026-02-02T12:55:07","slug":"servicios","status":"publish","type":"page","link":"https:\/\/llanuts.com\/es\/servicios\/","title":{"rendered":"SERVICIOS"},"content":{"rendered":"<div class=\"wpb-content-wrapper\">[vc_row css=\u00bb.vc_custom_1737465646407{padding-top: 3% !important;padding-bottom: 3% !important;background-image: url(https:\/\/llanuts.com\/wp-content\/uploads\/2025\/01\/02-Pistachos-pelados-ret.png?id=360) !important;background-position: center !important;background-repeat: no-repeat !important;background-size: cover !important;}\u00bb][vc_column][vc_column_text css_animation=\u00bbfadeInLeft\u00bb css=\u00bb.vc_custom_1732805306449{padding-top: 10% !important;padding-bottom: 10% !important;}\u00bb]\r\n\r\n<h1 style=\"text-align: center;\"><span data-text-color=\"success\">SERVICIOS<\/span><\/h1>\r\n[\/vc_column_text][\/vc_column][\/vc_row][vc_row css=\u00bb.vc_custom_1737480710916{padding-top: 6% !important;padding-bottom: 6% !important;}\u00bb el_id=\u00bbprocessing\u00bb][vc_column][vc_column_text css=\u00bb\u00bb]\r\n<h1 style=\"text-align: center;\"><span style=\"font-size: 140%;\">PROCESAMIENTO DE PISTACHOS<\/span><\/h1>\r\n<h2 style=\"text-align: center;\"><span style=\"font-size: 350%;\" data-text-color=\"primary\">Comprometidos con la excelencia<\/span><\/h2>\r\n[\/vc_column_text][\/vc_column][\/vc_row][vc_row gap=\u00bb35&#8243; css=\u00bb.vc_custom_1734521535933{padding-right: 10% !important;padding-left: 10% !important;}\u00bb][vc_column width=\u00bb1\/2&#8243;][vc_column_text css=\u00bb\u00bb]\r\n<p style=\"text-align: justify;\">Nuestro proceso de producci\u00f3n ha sido dise\u00f1ado meticulosamente para garantizar que cada pistacho conserve al m\u00e1ximo sus caracter\u00edsticas nutricionales y organol\u00e9pticas, asegurando un producto de la m\u00e1s alta calidad. En Llanuts estamos comprometidos con la excelencia, aplicando mejoras continuas a nuestros procesos y cumpliendo rigurosamente con los est\u00e1ndares m\u00e1s altos de seguridad alimentaria.<\/p>\r\n<p style=\"text-align: justify;\">Nuestra planta es altamente vers\u00e1til, lo que nos permite adaptar el proceso de producci\u00f3n a las necesidades espec\u00edficas de cada cliente. Contamos con equipos avanzados para separar los pistachos en diferentes fracciones comercializables, as\u00ed como con la tecnolog\u00eda m\u00e1s innovadora para su clasificaci\u00f3n.<\/p>\r\n<p style=\"text-align: justify;\">Producimos todo tipo de pistachos con c\u00e1scara y granos de pistacho. Realizamos un seguimiento con los agricultores locales en todas las etapas, desde el cultivo hasta la cosecha y el procesamiento, para garantizar la salud y calidad de lo que ofrecemos al mercado.<\/p>\r\n<p style=\"text-align: justify;\">Nuestro proceso de producci\u00f3n ha sido dise\u00f1ado meticulosamente para garantizar que cada pistacho conserve al m\u00e1ximo sus caracter\u00edsticas nutricionales y organol\u00e9pticas, asegurando un producto de la m\u00e1s alta calidad. En Llanuts estamos comprometidos con la excelencia, aplicando mejoras continuas a nuestros procesos y cumpliendo rigurosamente con los est\u00e1ndares m\u00e1s altos de seguridad alimentaria.<\/p>\r\n<p style=\"text-align: justify;\">Nuestra planta es altamente vers\u00e1til, lo que nos permite adaptar el proceso de producci\u00f3n a las necesidades espec\u00edficas de cada cliente. Contamos con equipos avanzados para separar los pistachos en diferentes fracciones comercializables, as\u00ed como con la tecnolog\u00eda m\u00e1s innovadora para su clasificaci\u00f3n.<\/p>\r\n[\/vc_column_text][\/vc_column][vc_column width=\u00bb1\/2&#8243;][vc_single_image image=\u00bb367&#8243; img_size=\u00bbfull\u00bb alignment=\u00bbcenter\u00bb css_animation=\u00bbfadeInRight\u00bb css=\u00bb\u00bb][\/vc_column][\/vc_row][vc_row css=\u00bb.vc_custom_1737480731517{padding-top: 6% !important;padding-bottom: 6% !important;}\u00bb el_id=\u00bbquality\u00bb][vc_column][vc_column_text css=\u00bb\u00bb]\r\n<h1 style=\"text-align: center;\"><span style=\"font-size: 140%;\">CALIDAD DEL PISTACHO<\/span><\/h1>\r\n<h2 style=\"text-align: center;\"><span style=\"font-size: 350%;\" data-text-color=\"primary\">De los agricultores locales al mercado<\/span><\/h2>\r\n[\/vc_column_text][\/vc_column][\/vc_row][vc_row gap=\u00bb35&#8243; css=\u00bb.vc_custom_1734521535933{padding-right: 10% !important;padding-left: 10% !important;}\u00bb][vc_column width=\u00bb1\/2&#8243;][vc_single_image image=\u00bb315&#8243; img_size=\u00bbfull\u00bb alignment=\u00bbcenter\u00bb css_animation=\u00bbfadeInLeft\u00bb css=\u00bb\u00bb][\/vc_column][vc_column width=\u00bb1\/2&#8243;][vc_column_text css=\u00bb\u00bb]\r\n<p style=\"text-align: justify;\">Producimos todo tipo de pistachos con c\u00e1scara y granos de pistacho. Realizamos un seguimiento con los agricultores locales en todas las etapas, desde el cultivo hasta la cosecha y el procesamiento, para garantizar la salud y calidad de lo que ofrecemos al mercado.<\/p>\r\n<p>Producimos varias variedades de pistachos con c\u00e1scara: larnaka, sirora, kerman, en cada uno de sus diferentes tama\u00f1os. Tambi\u00e9n ofrecemos una variedad de granos de pistacho. <span style=\"font-size: 120%;\"><span style=\"color: #a8c082;\"><i class=\"fas fa-check-double \" ><\/i><\/span><\/span> Pistacho ECOL\u00d3GICO \/ Pistacho CONVENCIONAL <span style=\"font-size: 120%;\"><span style=\"color: #a8c082;\"><i class=\"fas fa-check-double \" ><\/i><\/span><\/span> Pistacho CON C\u00c1SCARA \/ Granos de PISTACHO <span style=\"font-size: 120%;\"><span style=\"color: #a8c082;\"><i class=\"fas fa-check-double \" ><\/i> <\/span><\/span>Pistacho de varias variedades: larnaka, sirora, Lost Hill, kerman, &#8230; <span style=\"font-size: 120%;\"><span style=\"color: #a8c082;\"><i class=\"fas fa-check-double \" ><\/i><\/span><\/span> Pistacho en diferentes tama\u00f1os: 18 \u2013 20 \/ 20 \u2013 22 \/ 23 \u2013 25 &#8211; Empaques de diferentes tama\u00f1os: big bag, big bags con atm\u00f3sfera controlada, bolsas al vac\u00edo en cajas de cart\u00f3n, &#8230; El proceso de producci\u00f3n cumple con las siguientes certificaciones y normativas en el procesamiento y manejo de alimentos: <span style=\"font-size: 120%;\"><span style=\"color: #a8c082;\"><i class=\"fas fa-check-double \" ><\/i><\/span><\/span> Certificado ecol\u00f3gico <span style=\"font-size: 120%;\"><span style=\"color: #a8c082;\"><i class=\"fas fa-check-double \" ><\/i><\/span><\/span> IFS &#8211; RGSEAA &#8211; YES [\/vc_column_text][vc_column_text css=\u00bb.vc_custom_1734612484818{padding-top: 4% !important;padding-bottom: 3% !important;}\u00bb] Comprometidos con la calidad, nuestros productos son sometidos a diferentes controles para cumplir con nuestras especificaciones t\u00e9cnicas. Por ello, brindamos a nuestros clientes la siguiente informaci\u00f3n: [\/vc_column_text][accordion_father iconsize=\u00bb20&#8243; icon=\u00bbfas fa-plus\u00bb activetabbg=\u00bb#F0F0F0&#8243; activeicon=\u00bbfas fa-check-double\u00bb][accordion_son title=\u00bbAN\u00c1LISIS\u00bb]- Aflatoxinas B1 y Total de Aflatoxinas (G1+B1+G2+B2) Ocratoxina A Residuos de pesticidas An\u00e1lisis espec\u00edficos de producci\u00f3n ecol\u00f3gica: Glifosato, Fossati-Al, \u00e1cido fosf\u00f3nico y fosfonatos. [\/accordion_son][accordion_son title=\u00bbFICHA T\u00c9CNICA\u00bb] Informaci\u00f3n General: Nombre, c\u00f3digos\/lote de producto, variedad, &#8230; Caracter\u00edsticas del producto: descripci\u00f3n, origen, fecha de cosecha, fecha de producci\u00f3n, &#8230; Composici\u00f3n y valores nutricionales. Par\u00e1metros f\u00edsicos y qu\u00edmicos. Informaci\u00f3n microbiol\u00f3gica, contaminantes y al\u00e9rgenos. Informaci\u00f3n sobre el empaque. Certificaciones y cumplimiento. Informaci\u00f3n adicional: uso sugerido, precauciones y advertencias. [\/accordion_son][\/accordion_father][\/vc_column][\/vc_row][vc_row css=\u00bb.vc_custom_1737480750958{padding-top: 6% !important;padding-bottom: 6% !important;}\u00bb el_id=\u00bbmarketing\u00bb][vc_column][vc_column_text css=\u00bb\u00bb]\r\n<h1 style=\"text-align: center;\"><span style=\"font-size: 140%;\">MERCHANDISING<\/span><\/h1>\r\n<h2 style=\"text-align: center;\"><span style=\"font-size: 350%;\" data-text-color=\"primary\">El mejor marketing para tu empresa<\/span><\/h2>\r\n[\/vc_column_text][\/vc_column][\/vc_row][vc_row gap=\u00bb35&#8243; css=\u00bb.vc_custom_1734521535933{padding-right: 10% !important;padding-left: 10% !important;}\u00bb][vc_column width=\u00bb1\/2&#8243;][vc_single_image image=\u00bb378&#8243; img_size=\u00bbfull\u00bb alignment=\u00bbcenter\u00bb css_animation=\u00bbfadeInLeft\u00bb css=\u00bb\u00bb][\/vc_column][vc_column width=\u00bb1\/2&#8243;][vc_column_text css=\u00bb\u00bb]\r\n<p style=\"text-align: justify;\">Desde Llanuts estamos interesados en la b\u00fasqueda de proveedores locales con los que mantener una relaci\u00f3n duradera para procesar sus pistachos en nuestras instalaciones.<\/p>\r\n<p style=\"text-align: justify;\">Agricultores que decidan unirse al proyecto para poder ofrecer a nuestros clientes la mejor calidad. Adem\u00e1s de procesar pistachos, en Llanuts ofrecemos servicios de distribuci\u00f3n y comercializaci\u00f3n.<\/p>\r\n<p style=\"text-align: justify;\">Gracias a nuestra amplia red de contactos internacionales, podemos llevar nuestros productos a mercados de todo el mundo, garantizando siempre la mejor calidad y el mejor producto.<\/p>\r\n[\/vc_column_text][\/vc_column][\/vc_row][vc_row css=\u00bb.vc_custom_1732125162865{padding-top: 7% !important;padding-right: 5% !important;padding-left: 5% !important;}\u00bb][vc_column][vc_single_image image=\u00bb375&#8243; img_size=\u00bbfull\u00bb alignment=\u00bbcenter\u00bb css=\u00bb\u00bb][\/vc_column][\/vc_row]<\/div>","protected":false},"excerpt":{"rendered":"[vc_row css=\u00bb.vc_custom_1737465646407{padding-top: 3% !important;padding-bottom: 3% !important;background-image: url(https:\/\/llanuts.com\/wp-content\/uploads\/2025\/01\/02-Pistachos-pelados-ret.png?id=360) !important;background-position: center !important;background-repeat: no-repeat !important;background-size: cover !important;}\u00bb][vc_column][vc_column_text css_animation=\u00bbfadeInLeft\u00bb css=\u00bb.vc_custom_1732805306449{padding-top: 10% !important;padding-bottom: 10% !important;}\u00bb] SERVICIOS [\/vc_column_text][\/vc_column][\/vc_row][vc_row css=\u00bb.vc_custom_1737480710916{padding-top: 6% !important;padding-bottom: 6% !important;}\u00bb el_id=\u00bbprocessing\u00bb][vc_column][vc_column_text css=\u00bb\u00bb] PROCESAMIENTO DE PISTACHOS Comprometidos con la excelencia [\/vc_column_text][\/vc_column][\/vc_row][vc_row gap=\u00bb35&#8243; css=\u00bb.vc_custom_1734521535933{padding-right: 10% !important;padding-left: 10% !important;}\u00bb][vc_column width=\u00bb1\/2&#8243;][vc_column_text css=\u00bb\u00bb] Nuestro proceso de producci\u00f3n ha sido dise\u00f1ado meticulosamente para garantizar [&#8230;]\n","protected":false},"author":2,"featured_media":423,"parent":0,"menu_order":0,"comment_status":"closed","ping_status":"closed","template":"page-blank.php","meta":{"footnotes":""},"class_list":["post-446","page","type-page","status-publish","has-post-thumbnail","hentry"],"yoast_head":"<!-- This site is optimized with the Yoast SEO plugin v24.1 - https:\/\/yoast.com\/wordpress\/plugins\/seo\/ -->\n<title>SERVICIOS - Llanuts<\/title>\n<meta name=\"description\" content=\"Procesado de pistachos: clasificaci\u00f3n avanzada, calidad controlada, pistacho ecol\u00f3gico y convencional. Distribuci\u00f3n internacional.\" \/>\n<meta name=\"robots\" content=\"index, follow, max-snippet:-1, max-image-preview:large, max-video-preview:-1\" \/>\n<link rel=\"canonical\" href=\"https:\/\/llanuts.com\/es\/servicios\/\" \/>\n<meta property=\"og:locale\" content=\"es_ES\" \/>\n<meta property=\"og:type\" content=\"article\" \/>\n<meta property=\"og:title\" content=\"SERVICIOS - Llanuts\" \/>\n<meta property=\"og:description\" content=\"Procesado de pistachos: clasificaci\u00f3n avanzada, calidad controlada, pistacho ecol\u00f3gico y convencional. Distribuci\u00f3n internacional.\" \/>\n<meta property=\"og:url\" content=\"https:\/\/llanuts.com\/es\/servicios\/\" \/>\n<meta property=\"og:site_name\" content=\"Llanuts\" \/>\n<meta property=\"article:modified_time\" content=\"2026-02-02T12:55:07+00:00\" \/>\n<meta property=\"og:image\" content=\"https:\/\/llanuts.com\/wp-content\/uploads\/2025\/01\/pistachos.jpeg\" \/>\n\t<meta property=\"og:image:width\" content=\"896\" \/>\n\t<meta property=\"og:image:height\" content=\"1152\" \/>\n\t<meta property=\"og:image:type\" content=\"image\/jpeg\" \/>\n<meta name=\"twitter:card\" content=\"summary_large_image\" \/>\n<meta name=\"twitter:label1\" content=\"Tiempo de lectura\" \/>\n\t<meta name=\"twitter:data1\" content=\"4 minutos\" \/>\n<script type=\"application\/ld+json\" class=\"yoast-schema-graph\">{\"@context\":\"https:\/\/schema.org\",\"@graph\":[{\"@type\":\"WebPage\",\"@id\":\"https:\/\/llanuts.com\/es\/servicios\/\",\"url\":\"https:\/\/llanuts.com\/es\/servicios\/\",\"name\":\"SERVICIOS - Llanuts\",\"isPartOf\":{\"@id\":\"https:\/\/llanuts.com\/es\/#website\"},\"primaryImageOfPage\":{\"@id\":\"https:\/\/llanuts.com\/es\/servicios\/#primaryimage\"},\"image\":{\"@id\":\"https:\/\/llanuts.com\/es\/servicios\/#primaryimage\"},\"thumbnailUrl\":\"https:\/\/llanuts.com\/wp-content\/uploads\/2025\/01\/pistachos.jpeg\",\"datePublished\":\"2024-10-21T16:11:26+00:00\",\"dateModified\":\"2026-02-02T12:55:07+00:00\",\"description\":\"Procesado de pistachos: clasificaci\u00f3n avanzada, calidad controlada, pistacho ecol\u00f3gico y convencional. Distribuci\u00f3n internacional.\",\"breadcrumb\":{\"@id\":\"https:\/\/llanuts.com\/es\/servicios\/#breadcrumb\"},\"inLanguage\":\"es\",\"potentialAction\":[{\"@type\":\"ReadAction\",\"target\":[\"https:\/\/llanuts.com\/es\/servicios\/\"]}]},{\"@type\":\"ImageObject\",\"inLanguage\":\"es\",\"@id\":\"https:\/\/llanuts.com\/es\/servicios\/#primaryimage\",\"url\":\"https:\/\/llanuts.com\/wp-content\/uploads\/2025\/01\/pistachos.jpeg\",\"contentUrl\":\"https:\/\/llanuts.com\/wp-content\/uploads\/2025\/01\/pistachos.jpeg\",\"width\":896,\"height\":1152,\"caption\":\"m\u00e1quina en la f\u00e1brica de pistachos\"},{\"@type\":\"BreadcrumbList\",\"@id\":\"https:\/\/llanuts.com\/es\/servicios\/#breadcrumb\",\"itemListElement\":[{\"@type\":\"ListItem\",\"position\":1,\"name\":\"Portada\",\"item\":\"https:\/\/llanuts.com\/es\/\"},{\"@type\":\"ListItem\",\"position\":2,\"name\":\"SERVICIOS\"}]},{\"@type\":\"WebSite\",\"@id\":\"https:\/\/llanuts.com\/es\/#website\",\"url\":\"https:\/\/llanuts.com\/es\/\",\"name\":\"Llanuts\",\"description\":\"Top Quality Nuts\",\"publisher\":{\"@id\":\"https:\/\/llanuts.com\/es\/#organization\"},\"alternateName\":\"Llanuts\",\"potentialAction\":[{\"@type\":\"SearchAction\",\"target\":{\"@type\":\"EntryPoint\",\"urlTemplate\":\"https:\/\/llanuts.com\/es\/?s={search_term_string}\"},\"query-input\":{\"@type\":\"PropertyValueSpecification\",\"valueRequired\":true,\"valueName\":\"search_term_string\"}}],\"inLanguage\":\"es\"},{\"@type\":\"Organization\",\"@id\":\"https:\/\/llanuts.com\/es\/#organization\",\"name\":\"Llanuts\",\"url\":\"https:\/\/llanuts.com\/es\/\",\"logo\":{\"@type\":\"ImageObject\",\"inLanguage\":\"es\",\"@id\":\"https:\/\/llanuts.com\/es\/#\/schema\/logo\/image\/\",\"url\":\"https:\/\/llanuts.com\/wp-content\/uploads\/2024\/11\/logo-llanuts-1.png\",\"contentUrl\":\"https:\/\/llanuts.com\/wp-content\/uploads\/2024\/11\/logo-llanuts-1.png\",\"width\":702,\"height\":466,\"caption\":\"Llanuts\"},\"image\":{\"@id\":\"https:\/\/llanuts.com\/es\/#\/schema\/logo\/image\/\"}}]}<\/script>\n<!-- \/ Yoast SEO plugin. -->","yoast_head_json":{"title":"SERVICIOS - Llanuts","description":"Procesado de pistachos: clasificaci\u00f3n avanzada, calidad controlada, pistacho ecol\u00f3gico y convencional. Distribuci\u00f3n internacional.","robots":{"index":"index","follow":"follow","max-snippet":"max-snippet:-1","max-image-preview":"max-image-preview:large","max-video-preview":"max-video-preview:-1"},"canonical":"https:\/\/llanuts.com\/es\/servicios\/","og_locale":"es_ES","og_type":"article","og_title":"SERVICIOS - Llanuts","og_description":"Procesado de pistachos: clasificaci\u00f3n avanzada, calidad controlada, pistacho ecol\u00f3gico y convencional. Distribuci\u00f3n internacional.","og_url":"https:\/\/llanuts.com\/es\/servicios\/","og_site_name":"Llanuts","article_modified_time":"2026-02-02T12:55:07+00:00","og_image":[{"width":896,"height":1152,"url":"https:\/\/llanuts.com\/wp-content\/uploads\/2025\/01\/pistachos.jpeg","type":"image\/jpeg"}],"twitter_card":"summary_large_image","twitter_misc":{"Tiempo de lectura":"4 minutos"},"schema":{"@context":"https:\/\/schema.org","@graph":[{"@type":"WebPage","@id":"https:\/\/llanuts.com\/es\/servicios\/","url":"https:\/\/llanuts.com\/es\/servicios\/","name":"SERVICIOS - Llanuts","isPartOf":{"@id":"https:\/\/llanuts.com\/es\/#website"},"primaryImageOfPage":{"@id":"https:\/\/llanuts.com\/es\/servicios\/#primaryimage"},"image":{"@id":"https:\/\/llanuts.com\/es\/servicios\/#primaryimage"},"thumbnailUrl":"https:\/\/llanuts.com\/wp-content\/uploads\/2025\/01\/pistachos.jpeg","datePublished":"2024-10-21T16:11:26+00:00","dateModified":"2026-02-02T12:55:07+00:00","description":"Procesado de pistachos: clasificaci\u00f3n avanzada, calidad controlada, pistacho ecol\u00f3gico y convencional. Distribuci\u00f3n internacional.","breadcrumb":{"@id":"https:\/\/llanuts.com\/es\/servicios\/#breadcrumb"},"inLanguage":"es","potentialAction":[{"@type":"ReadAction","target":["https:\/\/llanuts.com\/es\/servicios\/"]}]},{"@type":"ImageObject","inLanguage":"es","@id":"https:\/\/llanuts.com\/es\/servicios\/#primaryimage","url":"https:\/\/llanuts.com\/wp-content\/uploads\/2025\/01\/pistachos.jpeg","contentUrl":"https:\/\/llanuts.com\/wp-content\/uploads\/2025\/01\/pistachos.jpeg","width":896,"height":1152,"caption":"m\u00e1quina en la f\u00e1brica de pistachos"},{"@type":"BreadcrumbList","@id":"https:\/\/llanuts.com\/es\/servicios\/#breadcrumb","itemListElement":[{"@type":"ListItem","position":1,"name":"Portada","item":"https:\/\/llanuts.com\/es\/"},{"@type":"ListItem","position":2,"name":"SERVICIOS"}]},{"@type":"WebSite","@id":"https:\/\/llanuts.com\/es\/#website","url":"https:\/\/llanuts.com\/es\/","name":"Llanuts","description":"Top Quality Nuts","publisher":{"@id":"https:\/\/llanuts.com\/es\/#organization"},"alternateName":"Llanuts","potentialAction":[{"@type":"SearchAction","target":{"@type":"EntryPoint","urlTemplate":"https:\/\/llanuts.com\/es\/?s={search_term_string}"},"query-input":{"@type":"PropertyValueSpecification","valueRequired":true,"valueName":"search_term_string"}}],"inLanguage":"es"},{"@type":"Organization","@id":"https:\/\/llanuts.com\/es\/#organization","name":"Llanuts","url":"https:\/\/llanuts.com\/es\/","logo":{"@type":"ImageObject","inLanguage":"es","@id":"https:\/\/llanuts.com\/es\/#\/schema\/logo\/image\/","url":"https:\/\/llanuts.com\/wp-content\/uploads\/2024\/11\/logo-llanuts-1.png","contentUrl":"https:\/\/llanuts.com\/wp-content\/uploads\/2024\/11\/logo-llanuts-1.png","width":702,"height":466,"caption":"Llanuts"},"image":{"@id":"https:\/\/llanuts.com\/es\/#\/schema\/logo\/image\/"}}]}},"_links":{"self":[{"href":"https:\/\/llanuts.com\/es\/wp-json\/wp\/v2\/pages\/446"}],"collection":[{"href":"https:\/\/llanuts.com\/es\/wp-json\/wp\/v2\/pages"}],"about":[{"href":"https:\/\/llanuts.com\/es\/wp-json\/wp\/v2\/types\/page"}],"author":[{"embeddable":true,"href":"https:\/\/llanuts.com\/es\/wp-json\/wp\/v2\/users\/2"}],"replies":[{"embeddable":true,"href":"https:\/\/llanuts.com\/es\/wp-json\/wp\/v2\/comments?post=446"}],"version-history":[{"count":4,"href":"https:\/\/llanuts.com\/es\/wp-json\/wp\/v2\/pages\/446\/revisions"}],"predecessor-version":[{"id":505,"href":"https:\/\/llanuts.com\/es\/wp-json\/wp\/v2\/pages\/446\/revisions\/505"}],"wp:featuredmedia":[{"embeddable":true,"href":"https:\/\/llanuts.com\/es\/wp-json\/wp\/v2\/media\/423"}],"wp:attachment":[{"href":"https:\/\/llanuts.com\/es\/wp-json\/wp\/v2\/media?parent=446"}],"curies":[{"name":"wp","href":"https:\/\/api.w.org\/{rel}","templated":true}]}}